{"id":3,"date":"2020-09-17T15:17:08","date_gmt":"2020-09-17T13:17:08","guid":{"rendered":"https:\/\/www.xn--gstezimmer-im-landhaus-04b.de\/?page_id=3"},"modified":"2020-10-07T14:45:15","modified_gmt":"2020-10-07T12:45:15","slug":"datenschutzerklaerung","status":"publish","type":"page","link":"https:\/\/www.xn--gstezimmer-im-landhaus-04b.de\/?page_id=3","title":{"rendered":"Datenschutzerkl\u00e4rung"},"content":{"rendered":"<p>[et_pb_section fb_built=&#8220;1&#8243; disabled_on=&#8220;off|off|off&#8220; admin_label=&#8220;Datenschutz&#8220; _builder_version=&#8220;4.5.0&#8243; custom_padding=&#8220;0px|||||&#8220;][et_pb_row _builder_version=&#8220;4.5.0&#8243; custom_margin=&#8220;200px||||false|false&#8220; custom_margin_tablet=&#8220;&#8220; custom_margin_phone=&#8220;0px||||false|false&#8220; custom_margin_last_edited=&#8220;on|phone&#8220; custom_padding=&#8220;||0px|||&#8220;][et_pb_column type=&#8220;4_4&#8243; _builder_version=&#8220;4.3.4&#8243;][et_pb_text disabled_on=&#8220;off|off|off&#8220; admin_label=&#8220;\u00dcberschrift&#8220; _builder_version=&#8220;4.6.3&#8243; _dynamic_attributes=&#8220;content&#8220; header_font=&#8220;Bellefair||||||||&#8220; header_text_align=&#8220;left&#8220; header_font_size=&#8220;80px&#8220; header_line_height=&#8220;1.2em&#8220; header_2_font_size=&#8220;80px&#8220; header_3_font_size=&#8220;80px&#8220; header_4_font_size=&#8220;80px&#8220; header_5_font_size=&#8220;80px&#8220; header_6_font_size=&#8220;80px&#8220; max_width=&#8220;801px&#8220; custom_margin=&#8220;-222px||||false|false&#8220; custom_margin_tablet=&#8220;0px||||false|false&#8220; custom_margin_phone=&#8220;||||false|false&#8220; custom_margin_last_edited=&#8220;on|phone&#8220; header_font_size_tablet=&#8220;64px&#8220; header_font_size_phone=&#8220;40px&#8220; header_font_size_last_edited=&#8220;on|phone&#8220; header_2_font_size_tablet=&#8220;42px&#8220; header_2_font_size_phone=&#8220;34px&#8220; header_2_font_size_last_edited=&#8220;on|phone&#8220; header_3_font_size_tablet=&#8220;42px&#8220; header_3_font_size_phone=&#8220;34px&#8220; header_3_font_size_last_edited=&#8220;on|phone&#8220; header_4_font_size_tablet=&#8220;42px&#8220; header_4_font_size_phone=&#8220;34px&#8220; header_4_font_size_last_edited=&#8220;on|phone&#8220; header_5_font_size_tablet=&#8220;42px&#8220; header_5_font_size_phone=&#8220;34px&#8220; header_5_font_size_last_edited=&#8220;on|phone&#8220; header_6_font_size_tablet=&#8220;42px&#8220; header_6_font_size_phone=&#8220;34px&#8220; header_6_font_size_last_edited=&#8220;on|phone&#8220; text_text_align=&#8220;justify&#8220; locked=&#8220;off&#8220; header_2_2_font_size_tablet=&#8220;42px&#8220; header_3_2_font_size_tablet=&#8220;42px&#8220; header_4_2_font_size_tablet=&#8220;42px&#8220; header_5_2_font_size_tablet=&#8220;42px&#8220; header_6_2_font_size_tablet=&#8220;42px&#8220; header_2_2_font_size_phone=&#8220;34px&#8220; header_3_2_font_size_phone=&#8220;34px&#8220; header_4_2_font_size_phone=&#8220;34px&#8220; header_5_2_font_size_phone=&#8220;34px&#8220; header_6_2_font_size_phone=&#8220;34px&#8220; header_2_2_font_size_last_edited=&#8220;on|tablet&#8220; header_3_2_font_size_last_edited=&#8220;on|tablet&#8220; header_4_2_font_size_last_edited=&#8220;on|tablet&#8220; header_5_2_font_size_last_edited=&#8220;on|tablet&#8220; header_6_2_font_size_last_edited=&#8220;on|tablet&#8220; header_2_3_font_size_tablet=&#8220;34px&#8220; header_3_3_font_size_tablet=&#8220;34px&#8220; header_4_3_font_size_tablet=&#8220;34px&#8220; header_5_3_font_size_tablet=&#8220;34px&#8220; header_6_3_font_size_tablet=&#8220;34px&#8220; header_2_3_font_size_phone=&#8220;28px&#8220; header_3_3_font_size_phone=&#8220;28px&#8220; header_4_3_font_size_phone=&#8220;28px&#8220; header_5_3_font_size_phone=&#8220;28px&#8220; header_6_3_font_size_phone=&#8220;28px&#8220; header_2_3_font_size_last_edited=&#8220;on|phone&#8220; header_3_3_font_size_last_edited=&#8220;on|phone&#8220; header_4_3_font_size_last_edited=&#8220;on|phone&#8220; header_5_3_font_size_last_edited=&#8220;on|phone&#8220; header_6_3_font_size_last_edited=&#8220;on|phone&#8220; header_2_4_font_size_tablet=&#8220;22px&#8220; header_3_4_font_size_tablet=&#8220;22px&#8220; header_4_4_font_size_tablet=&#8220;22px&#8220; header_5_4_font_size_tablet=&#8220;22px&#8220; header_6_4_font_size_tablet=&#8220;22px&#8220; header_2_4_font_size_phone=&#8220;18px&#8220; header_3_4_font_size_phone=&#8220;18px&#8220; header_4_4_font_size_phone=&#8220;18px&#8220; header_5_4_font_size_phone=&#8220;18px&#8220; header_6_4_font_size_phone=&#8220;18px&#8220; header_2_4_font_size_last_edited=&#8220;on|phone&#8220; header_3_4_font_size_last_edited=&#8220;on|phone&#8220; header_4_4_font_size_last_edited=&#8220;on|phone&#8220; header_5_4_font_size_last_edited=&#8220;on|phone&#8220; header_6_4_font_size_last_edited=&#8220;on|phone&#8220; header_2_5_font_size_phone=&#8220;16px&#8220; header_3_5_font_size_phone=&#8220;16px&#8220; header_4_5_font_size_phone=&#8220;16px&#8220; header_5_5_font_size_phone=&#8220;16px&#8220; header_6_5_font_size_phone=&#8220;16px&#8220; header_2_5_font_size_last_edited=&#8220;on|tablet&#8220; header_3_5_font_size_last_edited=&#8220;on|tablet&#8220; header_4_5_font_size_last_edited=&#8220;on|tablet&#8220; header_5_5_font_size_last_edited=&#8220;on|tablet&#8220; header_6_5_font_size_last_edited=&#8220;on|tablet&#8220;]@ET-DC@eyJkeW5hbWljIjp0cnVlLCJjb250ZW50IjoicG9zdF90aXRsZSIsInNldHRpbmdzIjp7ImJlZm9yZSI6IjxoMj4iLCJhZnRlciI6IjwvaDI+In19@[\/et_pb_text][et_pb_text _builder_version=&#8220;4.6.3&#8243; text_font=&#8220;||||||||&#8220; text_font_size=&#8220;16px&#8220; text_line_height=&#8220;2em&#8220; text_orientation=&#8220;justified&#8220; text_font_size_tablet=&#8220;15px&#8220; text_font_size_phone=&#8220;14px&#8220; text_font_size_last_edited=&#8220;on|phone&#8220; locked=&#8220;off&#8220;]<\/p>\n<p>Diese Datenschutzerkl\u00e4rung soll die Nutzer unserer Website \u00fcber die Art, den Umfang und den Zweck der Erhebung und Verwendung personenbezogener Daten durch den Websitebetreiber<\/p>\n<p>G\u00e4stezimmer im Landhaus<br \/>Pfarrstr. 19<br \/>55296 Gau-Bischofsheim<br \/>Telefon\u00a0+49 6135 92 510<br \/>info@gaestezimmer-im-landhaus.de<\/p>\n<p>informieren.<br \/>Wir nehmen den Schutz Ihrer pers\u00f6nlichen Daten sehr ernst. Wir behandlen Ihre personenbezogenen Daten vertraulich und entsprechend der gesetzlichen Datenschutzvorschriften sowie dieser Datenschutzerkl\u00e4rung.<br \/>Die Nutzung unserer Webseite ist in der Regel ohne Angabe personenbezogener Daten m\u00f6glich. Soweit auf unseren Seiten personenbezogene Daten (beispielsweise Name, Anschrift oder E-Mail-Adressen) erhoben werden, erfolgt dies, soweit m\u00f6glich, stets auf freiwilliger Basis. Diese Daten werden ohne Ihre ausdr\u00fcckliche Zustimmung nicht an Dritte weitergegeben.<br \/>Wir weisen darauf hin, dass die Daten\u00fcbertragung im Internet (z.B. bei der Kommunikation per E-Mail) Sicherheitsl\u00fccken aufweisen kann. Ein l\u00fcckenloser Schutz der Daten vor dem Zugriff durch Dritte ist nicht m\u00f6glich.<\/p>\n<h3>Ihre Betroffenenrechte<\/h3>\n<p>Unter den angegebenen Kontaktdaten k\u00f6nnen Sie jederzeit folgende Rechte aus\u00fcben:<\/p>\n<p>\u2022 Auskunft \u00fcber Ihre bei mir gespeicherten personenbezogenen Daten und deren Verarbeitung (Art. 15 DS-GVO)<br \/>\u2022 Berichtigung unrichtiger personenbezogener Daten (Art. 16 DS-GVO)<br \/>\u2022 L\u00f6schung Ihrer bei mir gespeicherten personenbezogenen Daten (Art. 17 DS-GVO)<br \/>\u2022 Einschr\u00e4nkung der Datenverarbeitung, sofern ich Ihre personenbezogenen Daten aufgrund gesetzlicher Pflichten noch nicht l\u00f6schen darf (Art. 18 DS-GVO)<br \/>\u2022 Widerspruch gegen die Verarbeitung Ihrer personenbezogenen Daten bei mir (art. 21 DS-GVO) und<br \/>\u2022 Daten\u00fcbertragbarkeit, sofern Sie in die Datenverarbeitung eingewilligt haben oder einen Vertrag mit mir abgeschlossen haben (Art. 20 DS-GVO)<\/p>\n<p>Sie haben jederzeit das Recht auf unentgeltliche Auskunft \u00fcber Ihre gespeicherten personenbezogenen Daten, deren Herkunft und Empf\u00e4nger und den Zweck der Datenverarbeitung. Hierzu sowie zu weiteren Fragen zum Thema personenbezogene Daten k\u00f6nnen Sie sich jederzeit an uns wenden.<\/p>\n<p>Sofern Ihr Wunsch nicht mit einer gesetzlichen Pflicht zur Aufbewahrung von Daten (z. B. Vorratsdatenspeicherung) kollidiert, haben Sie ein Anrecht auf L\u00f6schung Ihrer Daten. Von uns gespeicherte personenbezogene Daten werden, sollten sie f\u00fcr ihre Zweckbestimmung nicht mehr vonn\u00f6ten sein und es keine gesetzlichen Aufbewahrungsfristen geben, werden gel\u00f6scht oder anonymisiert. Falls eine L\u00f6schung nicht durchgef\u00fchrt werden kann, da die Daten f\u00fcr zul\u00e4ssige gesetzliche Zwecke erforderlich sind, erfolgt eine Einschr\u00e4nkung der Datenverarbeitung. In diesem Fall werden die Daten gesperrt und nicht f\u00fcr andere Zwecke verarbeitet.<\/p>\n<p>Sofern Sie uns eine Einwilligung zur Datenverarbeitung Ihrer personenbezogenen Daten erteilt haben, k\u00f6nnen Sie diese jederzeit mit Wirkung f\u00fcr die Zukunft widerrufen. Sie k\u00f6nnen sich jederzeit mit einer Beschwerde an die zust\u00e4ndige Aufsichtsbeh\u00f6rde des Bundeslandes Ihres Wohnsitzes oder an die f\u00fcr uns als verantwortliche Stelle zust\u00e4ndige Beh\u00f6rde wenden. Eine Liste der Aufsichtsbeh\u00f6rden f\u00fcr den nicht-\u00f6ffentlichen Bereich finden Sie unter: <a href=\"https:\/\/www.bfdi.bund.de\/DE\/Infothek\/Anschriften_Links\/anschriften_links-node.html\" target=\"_blank\" rel=\"noopener noreferrer\">www.bfdi.bund.de\/DE\/Infothek\/Anschriften_Links\/anschriften_links-node.html<\/a><\/p>\n<h3>Erfassung allgemeiner Informationen beim Besuch unserer Website<\/h3>\n<p><strong>Art und Zweck der Verarbeitung<\/strong><br \/>Wenn Sie auf unsere Website zugreifen werden automatisch Informationen allgemeiner Natur erfasst. Diese Server-Log-Files protokollieren folgende Daten:<\/p>\n<p>\u2022 besuchte Webseite<br \/>\u2022 verwendeter Browsertyp und Browserversion<br \/>\u2022 verwendetes Betriebssystem<br \/>\u2022 Referrer URL<br \/>\u2022 Quelle\/Verweis, von welchem Sie auf die Seite gelangten<br \/>\u2022 Uhrzeit zum Zeitpunkt des Zugriffes<\/p>\n<p>Die werden zu folgenden Zwecken verarbeitet:<\/p>\n<p>\u2022 Sicherstellung eines problemlosen Verbindungsaufbaus der Website<br \/>\u2022 Sicherstellung einer reibungslosen Nutzung meiner Website<br \/>\u2022 Auswertung der Systemsicherheit und -stabilit\u00e4t sowie<br \/>\u2022 zu administrativen Zwecken<\/p>\n<p>Die Server-Log-Files sind nicht bestimmten Personen zuordenbar, also anonym. Eine Zusammenf\u00fchrung dieser Daten mit anderen Datenquellen wird nicht vorgenommen. Die so gesammelten Daten werden von uns statistisch ausgewertet, um meinen Internetauftritt und die dahinterstehende Technik und deren Sicherheit zu optimieren.<\/p>\n<p><strong>Rechtsgrundlage<\/strong><br \/>Die Verarbeitung der Server-Log-Files erfolgt gem\u00e4\u00df Art. 6 Abs. 1 lit. f. DS-GVO auf Basis unseres berechtigten Interesses an der Verbesserung Stabilit\u00e4t, Funktionalit\u00e4t und Sicherheit meiner Website.<\/p>\n<p><strong>Speicherdauer<\/strong><br \/>Die Speicherung der Server-Log-Files erfolgt aus Sicherheitsgr\u00fcnden, um z. B. Missbrauchsf\u00e4lle aufkl\u00e4ren zu k\u00f6nnen. M\u00fcssen diese Server-Log-Files aus Beweisgr\u00fcnden aufgehoben werden, sind sie solange von der L\u00f6schung ausgenommen bis der Vorfall endg\u00fcltig gekl\u00e4rt ist.<\/p>\n<h3>Kontakt mit uns per Mail<\/h3>\n<p><strong>Art und Zweck der Verarbeitung<\/strong><br \/>Die von Ihnen in einer Email bereitgestellten personenbezogenen Daten werden zum Zweck der individuellen Kommunikation mit Ihnen gespeichert. Hierf\u00fcr ist die Angabe einer validen Email-Adresse sowie Ihres Namens erforderlich. Diese dienen der Zuordnung des Anliegens und der anschlie\u00dfenden Beantwortung derselben. Die Angabe weiterer personenbezogener Daten Ihrerseits geschieht auf freiwilliger Basis.<\/p>\n<p><strong>Rechtsgrundlage<\/strong><br \/>Die Verarbeitung der in Ihrer Email bereitgestellten personenbezogenen Daten erfolgt gem\u00e4\u00df Art. 6 Abs. 1 lit. f. DS-GVO auf Basis unseres berechtigten Interesses, sofern Sie mit uns Kontakt aufnehmen.<\/p>\n<p><strong>Speicherdauer<\/strong><br \/>Ihre personenbezogenen Daten werden sp\u00e4testens 6 Monate nach Bearbeitung Ihres Anliegens gel\u00f6scht.<\/p>\n<h3>Verwendung von Scriptbibliotheken &#8211; Google Fonts<\/h3>\n<p><strong>Art und Zweck der Verarbeitung<\/strong><br \/>Um unsere Inhalte browser-, ger\u00e4te\u00fcbergreifend und grafisch ansprechend darzustellen, verwenden wir auf dieser Website \u201eGoogle Web Fonts\u201c der Google LLC (1600 Amphitheater Parkwal, Mountain View, CA 94043, USA; nachfolgend \u201eGoogle\u201c) zur Darstellung von Schriften.<br \/>Die Datenschutzrichtlinie des Bibliotheksbetreibers Google finden Sie hier:<br \/><a href=\"http:\/\/www.google.com\/policies\/privacy\/\" target=\"_blank\" rel=\"noopener noreferrer\">www.google.com\/policies\/privacy\/<\/a><\/p>\n<p><strong>Rechtsgrundlage<\/strong><br \/>Rechtsgrundlage f\u00fcr die Einbindung von Google Webfonts und dem damit verbundenen Datentransfer zu Google ist Ihre Einwilligung (Art. 6 Abs. 1 lit. a DS-GVO).<\/p>\n<p><strong>Empf\u00e4nger<\/strong><br \/>Der Aufruf von Schriftbibliotheken l\u00f6st automatisch eine Verbindung zum Betreiber der Bibliothek aus. Dabei ist es theoretisch m\u00f6glich \u2013 aktuell allerdings noch unklar ob und ggf. zu welchen Zwecken bzw. dass der Betreiber, in diesem Fall Google, Daten erhebt.<\/p>\n<p><strong>Speicherdauer<\/strong><br \/>Wir erheben keine personenbezogenen Daten durch die Einbindung von Google Webfonts.<br \/>Weitere Informationen zu Google Web Fonts finden Sie unter:<br \/><a href=\"https:\/\/developers.google.com\/fonts\/faq\" target=\"_blank\" rel=\"noopener noreferrer\">developers.google.com\/fonts\/faq<\/a><br \/>und in der Datenschutzerkl\u00e4rung von Google:<br \/><a href=\"http:\/\/www.google.com\/policies\/privacy\/\" target=\"_blank\" rel=\"noopener noreferrer\">www.google.com\/policies\/privacy\/<\/a><\/p>\n<p><strong>Drittlandtransfer<\/strong><br \/>Google verarbeitet Ihre Daten in den USA und hat sich dem \u201eEU-US Privacy Shield\u201c unterworfen:<br \/><a href=\"https:\/\/www.privacyshield.gov\/EU-US-Framework\" target=\"_blank\" rel=\"noopener noreferrer\">www.privacyshield.gov\/EU-US-Framework<\/a><\/p>\n<p><strong>Bereitstellung vorgeschrieben oder erforderlich<\/strong><br \/>Die Bereitstellung der personenbezogenen Daten ist weder gesetzlich noch vertraglich vorgeschrieben.<\/p>\n<p><strong>Widerspruch der Einwilligung<\/strong><br \/>Zur Darstellung der Inhalte wird die Programmiersprache JavaScript verwendet. Durch die Deaktivierung von JavaScript in Ihrem Browser oder der Einbindung eines JavaScript-Blockers k\u00f6nnen sie der Datenverarbeitung widersprechen. Bitte beachten Sie, dass es hierdurch zu Funktionseinschr\u00e4nkungen auf dieser Website kommen kann.<\/p>\n<p><strong>SSL-Verschl\u00fcsselung<\/strong><br \/>Um die Sicherheit Ihrer Daten bei der \u00dcbertragung zu sch\u00fctzen, verwenden wir das dem aktuellen Stand der Technik entsprechende Verschl\u00fcsselungsverfahren \u00fcber HTTPS.<\/p>\n<h3>Aktualit\u00e4t und \u00c4nderung dieser Datenschutzerkl\u00e4rung<\/h3>\n<p>Diese Datenschutzerkl\u00e4rung ist aktuell g\u00fcltig und hat den Stand Oktober\u00a02018.<br \/>Durch die Weiterentwicklung unserer Website oder aufgrund ge\u00e4nderter gesetzlicher beziehungsweise beh\u00f6rdlicher Vorgaben kann es notwendig werden, diese Datenschutzerkl\u00e4rung zu \u00e4ndern und hier einstellen.<\/p>\n<h3>Fragen an mich zum Thema Datenschutz<\/h3>\n<p>Wenn Sie Fragen zum Datenschutz an uns haben, schreiben Sie uns bitte eine Email an:<br \/><a href=\"mailto:info@gaestezimmer-im-landhaus.de?subject=Datenschutz\" target=\"_blank\" rel=\"noopener noreferrer\">info@gaestezimmer-im-landhaus.de<\/a><\/p>\n<p>[\/et_pb_text][\/et_pb_column][\/et_pb_row][\/et_pb_section]<\/p>\n","protected":false},"excerpt":{"rendered":"<p>[et_pb_section fb_built=&#8220;1&#8243; disabled_on=&#8220;off|off|off&#8220; admin_label=&#8220;Datenschutz&#8220; _builder_version=&#8220;4.5.0&#8243; custom_padding=&#8220;0px|||||&#8220;][et_pb_row _builder_version=&#8220;4.5.0&#8243; custom_margin=&#8220;200px||||false|false&#8220; custom_margin_tablet=&#8220;&#8220; custom_margin_phone=&#8220;0px||||false|false&#8220; custom_margin_last_edited=&#8220;on|phone&#8220; custom_padding=&#8220;||0px|||&#8220;][et_pb_column type=&#8220;4_4&#8243; _builder_version=&#8220;4.3.4&#8243;][et_pb_text disabled_on=&#8220;off|off|off&#8220; admin_label=&#8220;\u00dcberschrift&#8220; _builder_version=&#8220;4.6.3&#8243; _dynamic_attributes=&#8220;content&#8220; header_font=&#8220;Bellefair||||||||&#8220; header_text_align=&#8220;left&#8220; header_font_size=&#8220;80px&#8220; header_line_height=&#8220;1.2em&#8220; header_2_font_size=&#8220;80px&#8220; header_3_font_size=&#8220;80px&#8220; header_4_font_size=&#8220;80px&#8220; header_5_font_size=&#8220;80px&#8220; header_6_font_size=&#8220;80px&#8220; max_width=&#8220;801px&#8220; custom_margin=&#8220;-222px||||false|false&#8220; custom_margin_tablet=&#8220;0px||||false|false&#8220; custom_margin_phone=&#8220;||||false|false&#8220; custom_margin_last_edited=&#8220;on|phone&#8220; header_font_size_tablet=&#8220;64px&#8220; header_font_size_phone=&#8220;40px&#8220; header_font_size_last_edited=&#8220;on|phone&#8220; header_2_font_size_tablet=&#8220;42px&#8220; header_2_font_size_phone=&#8220;34px&#8220; header_2_font_size_last_edited=&#8220;on|phone&#8220; header_3_font_size_tablet=&#8220;42px&#8220; header_3_font_size_phone=&#8220;34px&#8220; header_3_font_size_last_edited=&#8220;on|phone&#8220; header_4_font_size_tablet=&#8220;42px&#8220; header_4_font_size_phone=&#8220;34px&#8220; header_4_font_size_last_edited=&#8220;on|phone&#8220; header_5_font_size_tablet=&#8220;42px&#8220; header_5_font_size_phone=&#8220;34px&#8220; header_5_font_size_last_edited=&#8220;on|phone&#8220; header_6_font_size_tablet=&#8220;42px&#8220; header_6_font_size_phone=&#8220;34px&#8220; header_6_font_size_last_edited=&#8220;on|phone&#8220; text_text_align=&#8220;justify&#8220; locked=&#8220;off&#8220; header_2_2_font_size_tablet=&#8220;42px&#8220; header_3_2_font_size_tablet=&#8220;42px&#8220; header_4_2_font_size_tablet=&#8220;42px&#8220; [&hellip;]<\/p>\n","protected":false},"author":1,"featured_media":0,"parent":0,"menu_order":0,"comment_status":"closed","ping_status":"open","template":"","meta":{"_et_pb_use_builder":"on","_et_pb_old_content":"<!-- wp:heading -->\r\n<h2>Wer wir sind<\/h2>\r\n<!-- \/wp:heading --><!-- wp:paragraph -->\r\n<p>Die Adresse unserer Website ist: https:\/\/www.xn--gstezimmer-im-landhaus-04b.de.<\/p>\r\n<!-- \/wp:paragraph --><!-- wp:heading -->\r\n<h2>Welche personenbezogenen Daten wir sammeln und warum wir sie sammeln<\/h2>\r\n<!-- \/wp:heading --><!-- wp:heading {\"level\":3} -->\r\n<h3>Kommentare<\/h3>\r\n<!-- \/wp:heading --><!-- wp:paragraph -->\r\n<p>Wenn Besucher Kommentare auf der Website schreiben, sammeln wir die Daten, die im Kommentar-Formular angezeigt werden, au\u00dferdem die IP-Adresse des Besuchers und den User-Agent-String (damit wird der Browser identifiziert), um die Erkennung von Spam zu unterst\u00fctzen.<\/p>\r\n<!-- \/wp:paragraph --><!-- wp:paragraph -->\r\n<p>Aus deiner E-Mail-Adresse kann eine anonymisierte Zeichenfolge erstellt (auch Hash genannt) und dem Gravatar-Dienst \u00fcbergeben werden, um zu pr\u00fcfen, ob du diesen benutzt. Die Datenschutzerkl\u00e4rung des Gravatar-Dienstes findest du hier: https:\/\/automattic.com\/privacy\/. Nachdem dein Kommentar freigegeben wurde, ist dein Profilbild \u00f6ffentlich im Kontext deines Kommentars sichtbar.<\/p>\r\n<!-- \/wp:paragraph --><!-- wp:heading {\"level\":3} -->\r\n<h3>Medien<\/h3>\r\n<!-- \/wp:heading --><!-- wp:paragraph -->\r\n<p>Wenn du ein registrierter Benutzer bist und Fotos auf diese Website l\u00e4dst, solltest du vermeiden, Fotos mit einem EXIF-GPS-Standort hochzuladen. Besucher dieser Website k\u00f6nnten Fotos, die auf dieser Website gespeichert sind, herunterladen und deren Standort-Informationen extrahieren.<\/p>\r\n<!-- \/wp:paragraph --><!-- wp:heading {\"level\":3} -->\r\n<h3>Kontaktformulare<\/h3>\r\n<!-- \/wp:heading --><!-- wp:heading {\"level\":3} -->\r\n<h3>Cookies<\/h3>\r\n<!-- \/wp:heading --><!-- wp:paragraph -->\r\n<p>Wenn du einen Kommentar auf unserer Website schreibst, kann das eine Einwilligung sein, deinen Namen, E-Mail-Adresse und Website in Cookies zu speichern. Dies ist eine Komfortfunktion, damit du nicht, wenn du einen weiteren Kommentar schreibst, all diese Daten erneut eingeben musst. Diese Cookies werden ein Jahr lang gespeichert.<\/p>\r\n<!-- \/wp:paragraph --><!-- wp:paragraph -->\r\n<p>Falls du ein Konto hast und dich auf dieser Website anmeldest, werden wir ein tempor\u00e4res Cookie setzen, um festzustellen, ob dein Browser Cookies akzeptiert. Dieses Cookie enth\u00e4lt keine personenbezogenen Daten und wird verworfen, wenn du deinen Browser schlie\u00dft.<\/p>\r\n<!-- \/wp:paragraph --><!-- wp:paragraph -->\r\n<p>Wenn du dich anmeldest, werden wir einige Cookies einrichten, um deine Anmeldeinformationen und Anzeigeoptionen zu speichern. Anmelde-Cookies verfallen nach zwei Tagen und Cookies f\u00fcr die Anzeigeoptionen nach einem Jahr. Falls du bei der Anmeldung \u201eAngemeldet bleiben\u201c ausw\u00e4hlst, wird deine Anmeldung zwei Wochen lang aufrechterhalten. Mit der Abmeldung aus deinem Konto werden die Anmelde-Cookies gel\u00f6scht.<\/p>\r\n<!-- \/wp:paragraph --><!-- wp:paragraph -->\r\n<p>Wenn du einen Artikel bearbeitest oder ver\u00f6ffentlichst, wird ein zus\u00e4tzlicher Cookie in deinem Browser gespeichert. Dieser Cookie enth\u00e4lt keine personenbezogenen Daten und verweist nur auf die Beitrags-ID des Artikels, den du gerade bearbeitet hast. Der Cookie verf\u00e4llt nach einem Tag.<\/p>\r\n<!-- \/wp:paragraph --><!-- wp:heading {\"level\":3} -->\r\n<h3>Eingebettete Inhalte von anderen Websites<\/h3>\r\n<!-- \/wp:heading --><!-- wp:paragraph -->\r\n<p>Beitr\u00e4ge auf dieser Website k\u00f6nnen eingebettete Inhalte beinhalten (z.\u00a0B. Videos, Bilder, Beitr\u00e4ge etc.). Eingebettete Inhalte von anderen Websites verhalten sich exakt so, als ob der Besucher die andere Website besucht h\u00e4tte.<\/p>\r\n<!-- \/wp:paragraph --><!-- wp:paragraph -->\r\n<p>Diese Websites k\u00f6nnen Daten \u00fcber dich sammeln, Cookies benutzen, zus\u00e4tzliche Tracking-Dienste von Dritten einbetten und deine Interaktion mit diesem eingebetteten Inhalt aufzeichnen, inklusive deiner Interaktion mit dem eingebetteten Inhalt, falls du ein Konto hast und auf dieser Website angemeldet bist.<\/p>\r\n<!-- \/wp:paragraph --><!-- wp:heading {\"level\":3} -->\r\n<h3>Analysedienste<\/h3>\r\n<!-- \/wp:heading --><!-- wp:heading -->\r\n<h2>Mit wem wir deine Daten teilen<\/h2>\r\n<!-- \/wp:heading --><!-- wp:heading -->\r\n<h2>Wie lange wir deine Daten speichern<\/h2>\r\n<!-- \/wp:heading --><!-- wp:paragraph -->\r\n<p>Wenn du einen Kommentar schreibst, wird dieser inklusive Metadaten zeitlich unbegrenzt gespeichert. Auf diese Art k\u00f6nnen wir Folgekommentare automatisch erkennen und freigeben, anstatt sie in einer Moderations-Warteschlange festzuhalten.<\/p>\r\n<!-- \/wp:paragraph --><!-- wp:paragraph -->\r\n<p>F\u00fcr Benutzer, die sich auf unserer Website registrieren, speichern wir zus\u00e4tzlich die pers\u00f6nlichen Informationen, die sie in ihren Benutzerprofilen angeben. Alle Benutzer k\u00f6nnen jederzeit ihre pers\u00f6nlichen Informationen einsehen, ver\u00e4ndern oder l\u00f6schen (der Benutzername kann nicht ver\u00e4ndert werden). Administratoren der Website k\u00f6nnen diese Informationen ebenfalls einsehen und ver\u00e4ndern.<\/p>\r\n<!-- \/wp:paragraph --><!-- wp:heading -->\r\n<h2>Welche Rechte du an deinen Daten hast<\/h2>\r\n<!-- \/wp:heading --><!-- wp:paragraph -->\r\n<p>Wenn du ein Konto auf dieser Website besitzt oder Kommentare geschrieben hast, kannst du einen Export deiner personenbezogenen Daten bei uns anfordern, inklusive aller Daten, die du uns mitgeteilt hast. Dar\u00fcber hinaus kannst du die L\u00f6schung aller personenbezogenen Daten, die wir von dir gespeichert haben, anfordern. Dies umfasst nicht die Daten, die wir aufgrund administrativer, rechtlicher oder sicherheitsrelevanter Notwendigkeiten aufbewahren m\u00fcssen.<\/p>\r\n<!-- \/wp:paragraph --><!-- wp:heading -->\r\n<h2>Wohin wir deine Daten senden<\/h2>\r\n<!-- \/wp:heading --><!-- wp:paragraph -->\r\n<p>Besucher-Kommentare k\u00f6nnten von einem automatisierten Dienst zur Spam-Erkennung untersucht werden.<\/p>\r\n<!-- \/wp:paragraph --><!-- wp:heading -->\r\n<h2>Deine Kontakt-Informationen<\/h2>\r\n<!-- \/wp:heading --><!-- wp:heading -->\r\n<h2>Weitere Informationen<\/h2>\r\n<!-- \/wp:heading --><!-- wp:heading {\"level\":3} -->\r\n<h3>Wie wir deine Daten sch\u00fctzen<\/h3>\r\n<!-- \/wp:heading --><!-- wp:heading {\"level\":3} -->\r\n<h3>Welche Ma\u00dfnahmen wir bei Datenschutzverletzungen anbieten<\/h3>\r\n<!-- \/wp:heading --><!-- wp:heading {\"level\":3} -->\r\n<h3>Von welchen Drittanbietern wir Daten erhalten<\/h3>\r\n<!-- \/wp:heading --><!-- wp:heading {\"level\":3} -->\r\n<h3>Welche automatisierte Entscheidungsfindung und\/oder Profilerstellung wir mit Benutzerdaten durchf\u00fchren<\/h3>\r\n<!-- \/wp:heading --><!-- wp:heading {\"level\":3} -->\r\n<h3>Vorausgesetzte Offenlegungspflichten der Industrie<\/h3>\r\n<!-- \/wp:heading -->","_et_gb_content_width":""},"_links":{"self":[{"href":"https:\/\/www.xn--gstezimmer-im-landhaus-04b.de\/index.php?rest_route=\/wp\/v2\/pages\/3"}],"collection":[{"href":"https:\/\/www.xn--gstezimmer-im-landhaus-04b.de\/index.php?rest_route=\/wp\/v2\/pages"}],"about":[{"href":"https:\/\/www.xn--gstezimmer-im-landhaus-04b.de\/index.php?rest_route=\/wp\/v2\/types\/page"}],"author":[{"embeddable":true,"href":"https:\/\/www.xn--gstezimmer-im-landhaus-04b.de\/index.php?rest_route=\/wp\/v2\/users\/1"}],"replies":[{"embeddable":true,"href":"https:\/\/www.xn--gstezimmer-im-landhaus-04b.de\/index.php?rest_route=%2Fwp%2Fv2%2Fcomments&post=3"}],"version-history":[{"count":7,"href":"https:\/\/www.xn--gstezimmer-im-landhaus-04b.de\/index.php?rest_route=\/wp\/v2\/pages\/3\/revisions"}],"predecessor-version":[{"id":559,"href":"https:\/\/www.xn--gstezimmer-im-landhaus-04b.de\/index.php?rest_route=\/wp\/v2\/pages\/3\/revisions\/559"}],"wp:attachment":[{"href":"https:\/\/www.xn--gstezimmer-im-landhaus-04b.de\/index.php?rest_route=%2Fwp%2Fv2%2Fmedia&parent=3"}],"curies":[{"name":"wp","href":"https:\/\/api.w.org\/{rel}","templated":true}]}}